{"id":2,"date":"2013-03-13T15:03:13","date_gmt":"2013-03-13T15:03:13","guid":{"rendered":"http:\/\/nationelladiabetesteamet.se\/?page_id=2"},"modified":"2024-09-03T13:03:30","modified_gmt":"2024-09-03T13:03:30","slug":"om-nationella-diabetesteamet","status":"publish","type":"page","link":"https:\/\/www.nationelladiabetesteamet.se\/","title":{"rendered":"Om Nationella diabetesteamet"},"content":{"rendered":"<p>Nationella Diabetesteamet, NDT , \u00e4r en politiskt obunden sammanslutning som samlar profession och patientf\u00f6retr\u00e4dare i fr\u00e5gor om diabetes.<br \/>\nNDT arbetar f\u00f6r att sprida information och kunskap om diabetes, samt verka f\u00f6r god v\u00e5rd och \u00f6kad livskvalitet hos personer med diabetes.<\/p>\n<p><strong>Nationella diabetesteamet \u00e4r en p<strong>araplyorganisation som\u00a0<\/strong>best\u00e5r av:<\/strong><\/p>\n<p>&#8211; Svenska Diabetesf\u00f6rbundet<br \/>\n&#8211; Svensk F\u00f6rening f\u00f6r Diabetologi<br \/>\n&#8211; Barnl\u00e4karf\u00f6reningen<br \/>\n&#8211; Svensk F\u00f6rening f\u00f6r Sjuksk\u00f6terskor i Diabetesv\u00e5rd<br \/>\n&#8211; Dietisternas riksf\u00f6rbund<\/p>\n","protected":false},"excerpt":{"rendered":"<p>Nationella Diabetesteamet, NDT , \u00e4r en politiskt obunden sammanslutning som samlar profession och patientf\u00f6retr\u00e4dare i fr\u00e5gor om diabetes. NDT arbetar f\u00f6r att sprida information och kunskap om diabetes, samt verka f\u00f6r god v\u00e5rd och \u00f6kad livskvalitet hos personer med diabetes. Nationella diabetesteamet \u00e4r en paraplyorganisation som\u00a0best\u00e5r av: &#8211; Svenska Diabetesf\u00f6rbundet &#8211; Svensk F\u00f6rening f\u00f6r Diabetologi [&hellip;]<\/p>\n","protected":false},"author":1,"featured_media":0,"parent":0,"menu_order":0,"comment_status":"closed","ping_status":"closed","template":"page-templates\/full-width.php","meta":{"footnotes":""},"class_list":["post-2","page","type-page","status-publish","hentry"],"_links":{"self":[{"href":"https:\/\/www.nationelladiabetesteamet.se\/index.php?rest_route=\/wp\/v2\/pages\/2","targetHints":{"allow":["GET"]}}],"collection":[{"href":"https:\/\/www.nationelladiabetesteamet.se\/index.php?rest_route=\/wp\/v2\/pages"}],"about":[{"href":"https:\/\/www.nationelladiabetesteamet.se\/index.php?rest_route=\/wp\/v2\/types\/page"}],"author":[{"embeddable":true,"href":"https:\/\/www.nationelladiabetesteamet.se\/index.php?rest_route=\/wp\/v2\/users\/1"}],"replies":[{"embeddable":true,"href":"https:\/\/www.nationelladiabetesteamet.se\/index.php?rest_route=%2Fwp%2Fv2%2Fcomments&post=2"}],"version-history":[{"count":10,"href":"https:\/\/www.nationelladiabetesteamet.se\/index.php?rest_route=\/wp\/v2\/pages\/2\/revisions"}],"predecessor-version":[{"id":54,"href":"https:\/\/www.nationelladiabetesteamet.se\/index.php?rest_route=\/wp\/v2\/pages\/2\/revisions\/54"}],"wp:attachment":[{"href":"https:\/\/www.nationelladiabetesteamet.se\/index.php?rest_route=%2Fwp%2Fv2%2Fmedia&parent=2"}],"curies":[{"name":"wp","href":"https:\/\/api.w.org\/{rel}","templated":true}]}}