{"id":25,"date":"2013-03-18T12:12:15","date_gmt":"2013-03-18T12:12:15","guid":{"rendered":"http:\/\/www.nationelladiabetesteamet.se\/?page_id=25"},"modified":"2023-04-28T11:08:17","modified_gmt":"2023-04-28T11:08:17","slug":"medlemsorganisationer","status":"publish","type":"page","link":"http:\/\/www.nationelladiabetesteamet.se\/?page_id=25","title":{"rendered":"Medlemsorganisationer"},"content":{"rendered":"<p><strong>Svenska Diabetesf\u00f6rbundet<br \/>\n<\/strong>The Swedish Diabetes Association &#8211;\u00a0<a title=\"www.diabetes.se\" href=\"http:\/\/www.diabetes.se\/\" target=\"_blank\" rel=\"noopener noreferrer\">www.diabetes.se<\/a><\/p>\n<p>F\u00f6rbundet arbetar f\u00f6r att minimera konsekvenserna av diabetessjukdomen genom en aktiv samh\u00e4llsp\u00e5verkan och informationsverksamhet. Medlemmarna best\u00e5r framf\u00f6rallt av personer med diabetes och deras anh\u00f6riga. Medlemstidningen Diabetes kommer ut med sex nummer per \u00e5r. Genom Diabetesfonden st\u00f6ds varje \u00e5r flera svenska forskningsprojekt inom diabetesomr\u00e5det. Lokala diabetesf\u00f6reningar utg\u00f6r underavdelningar till riksf\u00f6rbundet.<\/p>\n<p><strong>Svensk F\u00f6rening f\u00f6r Diabetologi (SFD)<\/strong><br \/>\nThe Swedish Association for Diabetology (SFD) &#8211; <a href=\"http:\/\/www.diabetolognytt.se\/\" target=\"_blank\" rel=\"noopener noreferrer\">www.diabetolognytt.se<\/a><\/p>\n<p>Denna f\u00f6rening som \u00e4r en sektion inom L\u00e4kars\u00e4llskapet v\u00e4nder sig dels till kliniskt verksamma l\u00e4kare inom diabetesv\u00e5rden s\u00e5v\u00e4l i prim\u00e4rv\u00e5rd som p\u00e5 sjukhus, men ocks\u00e5 till forskare inom diabetologi. Andra professioner\u00a0\u00a0kan vara adjungerade medlemmar. Medlemstidningen DiabetologNytt utkommer fyra g\u00e5nger per \u00e5r. SFD arrangerar vetenskapliga m\u00f6ten tv\u00e5 g\u00e5nger per \u00e5r. Kvalitetsregistret NDR (Nationella Diabetes Registret) startades av SFD men drives nu i regi av Registercentrum V\u00e4stra G\u00f6taland med statlig och regional finansiering.<\/p>\n<p><strong>\u202aBarnl\u00e4karf\u00f6reningens delf\u00f6rening f\u00f6r endokrinologi och diabetes<br \/>\n<\/strong>The section for endocrinology and diabetology of the Swedish Paediatric Society &#8211; <a href=\"http:\/\/www.barnlakarforeningen.se\">www.barnlakarforeningen.se<\/a><br \/>\n\u202a<\/p>\n<p>F\u00f6reningen \u00e4r en intressef\u00f6rening som bland annat organiserar vidareutbildning och aktiviteter f\u00f6r pediatriker (barnl\u00e4kare) som arbetar med barn och ungdomar med diabetes. F\u00f6reningen ansvarar f\u00f6r det nationella kvalitetsregistret NDR-barn\/SWEDIABKIDS och studien B\u00e4ttre Diabetes Diagnos (Better Diabetes Diagnosis, BDD) som syftar till att f\u00f6rb\u00e4ttra diagnostiken av olika diabetesformer.<\/p>\n<p><strong>Svensk F\u00f6rening f\u00f6r Sjuksk\u00f6terskor i Diabetesv\u00e5rd\u00a0<\/strong><br \/>\nThe Swedish Association for Diabetes Nurses (SFSD) &#8211; <a title=\"www.swenurse.se\/diabetesnurse\" href=\"http:\/\/www.swenurse.se\/diabetesnurse\" target=\"_blank\" rel=\"noopener noreferrer\">www.swenurse.se\/diabetesnurse<\/a><\/p>\n<p>Svensk F\u00f6rening f\u00f6r Sjuksk\u00f6terskor i Diabetesv\u00e5rd (SFSD) \u00e4r en ideell f\u00f6rening f\u00f6r sjuksk\u00f6terskor som arbetar med eller har specialintresse f\u00f6r diabetes. Alla sjuksk\u00f6terskor med intresse f\u00f6r diabetes \u00e4r v\u00e4lkomna som medlemmar. Medlemstidningen Diabetesv\u00e5rd utkommer med 4 nummer per \u00e5r varav ett dubbelnummer. F\u00f6reningen anordnar varje \u00e5r en konferens i Stockholm f\u00f6r medlemmar och \u00f6vriga intresserade. Alla \u00e4r v\u00e4lkomna att prenumerera\u00a0\u00a0p\u00e5 tidningen Diabetesv\u00e5rd.<\/p>\n<p><strong>Referensgruppen f\u00f6r diabetes, Dietisternas riksf\u00f6rbund<\/strong><br \/>\nThe Swedish Association of Clinical Dietitians (DRF) &#8211; <a title=\"drf.nu\" href=\"http:\/\/drf.nu\/\" target=\"_blank\" rel=\"noopener noreferrer\">www.drf.nu<\/a><\/p>\n<p>Referensgruppen f\u00f6r diabetes \u00e4r en av 14 referensgrupper inom Dietisternas Riksf\u00f6rbund. Gruppen bevakar utvecklingen inom kostomr\u00e5det vad g\u00e4ller behandlingsriktlinjer och forskning samt granska informationsmaterial, g\u00f6r debattinl\u00e4gg och st\u00f6ttar kollegor i landet. Vi sprider kunskap bland patienter och personal inom sjukv\u00e5rd, kommun och andra milj\u00f6er som behandlar och handhar patienter med diabetes.<\/p>\n","protected":false},"excerpt":{"rendered":"<p>Svenska Diabetesf\u00f6rbundet The Swedish Diabetes Association &#8211;\u00a0www.diabetes.se F\u00f6rbundet arbetar f\u00f6r att minimera konsekvenserna av diabetessjukdomen genom en aktiv samh\u00e4llsp\u00e5verkan och informationsverksamhet. Medlemmarna best\u00e5r framf\u00f6rallt av personer med diabetes och deras anh\u00f6riga. Medlemstidningen Diabetes kommer ut med sex nummer per \u00e5r. Genom Diabetesfonden st\u00f6ds varje \u00e5r flera svenska forskningsprojekt inom diabetesomr\u00e5det. Lokala diabetesf\u00f6reningar utg\u00f6r underavdelningar till [&hellip;]<\/p>\n","protected":false},"author":1,"featured_media":0,"parent":0,"menu_order":0,"comment_status":"closed","ping_status":"closed","template":"","meta":{"footnotes":""},"class_list":["post-25","page","type-page","status-publish","hentry"],"_links":{"self":[{"href":"http:\/\/www.nationelladiabetesteamet.se\/index.php?rest_route=\/wp\/v2\/pages\/25","targetHints":{"allow":["GET"]}}],"collection":[{"href":"http:\/\/www.nationelladiabetesteamet.se\/index.php?rest_route=\/wp\/v2\/pages"}],"about":[{"href":"http:\/\/www.nationelladiabetesteamet.se\/index.php?rest_route=\/wp\/v2\/types\/page"}],"author":[{"embeddable":true,"href":"http:\/\/www.nationelladiabetesteamet.se\/index.php?rest_route=\/wp\/v2\/users\/1"}],"replies":[{"embeddable":true,"href":"http:\/\/www.nationelladiabetesteamet.se\/index.php?rest_route=%2Fwp%2Fv2%2Fcomments&post=25"}],"version-history":[{"count":17,"href":"http:\/\/www.nationelladiabetesteamet.se\/index.php?rest_route=\/wp\/v2\/pages\/25\/revisions"}],"predecessor-version":[{"id":51,"href":"http:\/\/www.nationelladiabetesteamet.se\/index.php?rest_route=\/wp\/v2\/pages\/25\/revisions\/51"}],"wp:attachment":[{"href":"http:\/\/www.nationelladiabetesteamet.se\/index.php?rest_route=%2Fwp%2Fv2%2Fmedia&parent=25"}],"curies":[{"name":"wp","href":"https:\/\/api.w.org\/{rel}","templated":true}]}}